{"id":6694,"date":"2020-03-31T13:25:00","date_gmt":"2020-03-31T11:25:00","guid":{"rendered":"https:\/\/dev.treativa.it\/bozze\/hoteldelcorso\/contact\/"},"modified":"2026-03-12T10:13:15","modified_gmt":"2026-03-12T09:13:15","slug":"contatti","status":"publish","type":"page","link":"https:\/\/www.hoteldelcorsobibione.it\/de\/contatti\/","title":{"rendered":"Kontakt"},"content":{"rendered":"\t\t<div data-elementor-type=\"wp-page\" data-elementor-id=\"6694\" class=\"elementor elementor-6694 elementor-2531\">\n\t\t\t\t\t\t<section class=\"elementor-section elementor-top-section elementor-element elementor-element-c9042e3 elementor-section-full_width qodef-elementor-content-grid elementor-section-height-default elementor-section-height-default\" data-id=\"c9042e3\" data-element_type=\"section\" data-e-type=\"section\">\n\t\t\t\t\t\t<div class=\"elementor-container elementor-column-gap-no\">\n\t\t\t\t\t<div class=\"elementor-column elementor-col-50 elementor-top-column elementor-element elementor-element-cc5b1cc\" data-id=\"cc5b1cc\" data-element_type=\"column\" data-e-type=\"column\">\n\t\t\t<div class=\"elementor-widget-wrap elementor-element-populated\">\n\t\t\t\t\t\t<div class=\"elementor-element elementor-element-8f268a7 elementor-widget elementor-widget-text-editor\" data-id=\"8f268a7\" data-element_type=\"widget\" data-e-type=\"widget\" data-widget_type=\"text-editor.default\">\n\t\t\t\t<div class=\"elementor-widget-container\">\n\t\t\t\t\t\t\t\t\t<h3>Hotel del Corso<\/h3>\t\t\t\t\t\t\t\t<\/div>\n\t\t\t\t<\/div>\n\t\t\t\t<div class=\"elementor-element elementor-element-571a13c elementor-widget elementor-widget-text-editor\" data-id=\"571a13c\" data-element_type=\"widget\" data-e-type=\"widget\" data-widget_type=\"text-editor.default\">\n\t\t\t\t<div class=\"elementor-widget-container\">\n\t\t\t\t\t\t\t\t\t<h4>Adresse:<a href=\"https:\/\/maps.app.goo.gl\/LpFsi1sxMiojisnn8\" target=\"_blank\" rel=\"noopener\"> Corso del Sole, 87\/89<br>30028 Bibione (VE) Italien<\/a><\/h4>\t\t\t\t\t\t\t\t<\/div>\n\t\t\t\t<\/div>\n\t\t\t\t<div class=\"elementor-element elementor-element-8aa8299 elementor-widget elementor-widget-text-editor\" data-id=\"8aa8299\" data-element_type=\"widget\" data-e-type=\"widget\" data-widget_type=\"text-editor.default\">\n\t\t\t\t<div class=\"elementor-widget-container\">\n\t\t\t\t\t\t\t\t\t<div class=\"demo\">\n\n<div class=\"wa-widget\" style=\"\n  max-width: 420px;\n  border-radius: 16px;\n  overflow: hidden;\n  box-shadow: 0 4px 20px rgba(0,0,0,0.15);\n\">\n\n  \n  <div style=\"\n    background: #075E54;\n    padding: 16px 20px;\n    display: flex;\n    align-items: center;\n    gap: 14px;\n  \">\n    <div style=\"\n      width: 48px; height: 48px;\n      border-radius: 50%;\n      background: #fff;\n      display: flex; align-items: center; justify-content: center;\n      flex-shrink: 0;\n    \"><img decoding=\"async\" src=\"https:\/\/www.hoteldelcorsobibione.it\/wp-content\/uploads\/2026\/03\/hotel-del-corso-bibione.png\" alt=\"Hotel del Corso\" style=\"width:48px;height:48px;border-radius:50%;object-fit:cover;display:block;\"><\/div>\n    <div>\n      <div style=\"color:#fff; font-weight:bold; font-size:16px;\">Hotel del Corso Bibione<\/div>\n      <div style=\"color:#9de7d4; font-size:13px;\">\u25cf Online<\/div>\n    <\/div>\n  <\/div>\n\n  \n  <div style=\"\n    background: #ECE5DD;\n    padding: 20px 16px;\n  \">\n    <div style=\"\n      background: #fff;\n      border-radius: 0 12px 12px 12px;\n      padding: 12px 16px;\n      max-width: 90%;\n      box-shadow: 0 1px 3px rgba(0,0,0,0.15);\n      font-size: 14px;\n      line-height: 1.5;\n      color: #303030;\n    \">\n      <div style=\"font-weight:bold; color:#075E54; margin-bottom:4px;\">Hotel del Corso Bibione<\/div>\n      Hallo! Haben Sie Fragen zum Hotel oder m\u00f6chten Sie die Verf\u00fcgbarkeit anfragen? Schreiben Sie uns auf WhatsApp, wir antworten sofort!\n      <div style=\"text-align:right; font-size:11px; color:#999; margin-top:6px;\">\u2713\u2713<\/div>\n    <\/div>\n  <\/div>\n\n  \n  <a href=\"https:\/\/wa.me\/390431439991?text=Hallo%2C%20ich%20m%C3%B6chte%20Informationen%20%C3%BCber%20das%20Hotel\" target=\"_blank\" rel=\"noopener noreferrer\" style=\"\n    display: block;\n    background: #25D366;\n    color: #fff;\n    text-align: center;\n    padding: 16px;\n    font-size: 16px;\n    font-weight: bold;\n    text-decoration: none;\n    letter-spacing: 0.3px;\n  \">\n    \ud83d\udcac &nbsp;Auf WhatsApp schreiben\n  <\/a>\n\n<\/div>\n<\/div>\n\t\t\t\t\t\t\t\t<\/div>\n\t\t\t\t<\/div>\n\t\t\t\t<div class=\"elementor-element elementor-element-d610a97 elementor-widget elementor-widget-text-editor\" data-id=\"d610a97\" data-element_type=\"widget\" data-e-type=\"widget\" data-widget_type=\"text-editor.default\">\n\t\t\t\t<div class=\"elementor-widget-container\">\n\t\t\t\t\t\t\t\t\t<h4>Telefon: <a href=\"tel:+39%200431%20439991\">+39 0431 439991<\/a><\/h4>\t\t\t\t\t\t\t\t<\/div>\n\t\t\t\t<\/div>\n\t\t\t\t<div class=\"elementor-element elementor-element-e0805ea elementor-widget elementor-widget-text-editor\" data-id=\"e0805ea\" data-element_type=\"widget\" data-e-type=\"widget\" data-widget_type=\"text-editor.default\">\n\t\t\t\t<div class=\"elementor-widget-container\">\n\t\t\t\t\t\t\t\t\t<h4>Folgen Sie uns<\/h4>\t\t\t\t\t\t\t\t<\/div>\n\t\t\t\t<\/div>\n\t\t\t\t<div class=\"elementor-element elementor-element-795b64f elementor-shape-circle e-grid-align-left e-grid-align-tablet-center elementor-grid-0 elementor-widget elementor-widget-social-icons\" data-id=\"795b64f\" data-element_type=\"widget\" data-e-type=\"widget\" data-widget_type=\"social-icons.default\">\n\t\t\t\t<div class=\"elementor-widget-container\">\n\t\t\t\t\t\t\t<div class=\"elementor-social-icons-wrapper elementor-grid\" role=\"list\">\n\t\t\t\t\t\t\t<span class=\"elementor-grid-item\" role=\"listitem\">\n\t\t\t\t\t<a class=\"elementor-icon elementor-social-icon elementor-social-icon-facebook elementor-repeater-item-824b565\" href=\"https:\/\/www.facebook.com\/hoteldelcorsobibione\" target=\"_blank\">\n\t\t\t\t\t\t<span class=\"elementor-screen-only\">Facebook<\/span>\n\t\t\t\t\t\t<i aria-hidden=\"true\" class=\"fab fa-facebook\"><\/i>\t\t\t\t\t<\/a>\n\t\t\t\t<\/span>\n\t\t\t\t\t\t\t<span class=\"elementor-grid-item\" role=\"listitem\">\n\t\t\t\t\t<a class=\"elementor-icon elementor-social-icon elementor-social-icon-instagram elementor-repeater-item-adabafd\" href=\"https:\/\/www.instagram.com\/hotel_del_corso_\/\" target=\"_blank\">\n\t\t\t\t\t\t<span class=\"elementor-screen-only\">Instagram<\/span>\n\t\t\t\t\t\t<i aria-hidden=\"true\" class=\"fab fa-instagram\"><\/i>\t\t\t\t\t<\/a>\n\t\t\t\t<\/span>\n\t\t\t\t\t<\/div>\n\t\t\t\t\t\t<\/div>\n\t\t\t\t<\/div>\n\t\t\t\t<div class=\"elementor-element elementor-element-532fe70 elementor-widget elementor-widget-alloggio_core_google_map\" data-id=\"532fe70\" data-element_type=\"widget\" data-e-type=\"widget\" data-widget_type=\"alloggio_core_google_map.default\">\n\t\t\t\t<div class=\"elementor-widget-container\">\n\t\t\t\t\t<div class=\"qodef-shortcode qodef-m qodef-google-map\">\n\t<div class=\"qodef-m-map\" id=\"qodef-map-id--1\" data-addresses='[\"Via Venti Settembre, Rom\"]' data-pin=https:\/\/www.hoteldelcorsobibione.it\/wp-content\/plugins\/alloggio-core\/inc\/maps\/assets\/img\/pin.png data-unique-id=1 data-height=300><\/div>\n<\/div>\t\t\t\t<\/div>\n\t\t\t\t<\/div>\n\t\t\t\t\t<\/div>\n\t\t<\/div>\n\t\t\t\t<div class=\"elementor-column elementor-col-50 elementor-top-column elementor-element elementor-element-7ca5e6f\" data-id=\"7ca5e6f\" data-element_type=\"column\" data-e-type=\"column\">\n\t\t\t<div class=\"elementor-widget-wrap elementor-element-populated\">\n\t\t\t\t\t\t<div class=\"elementor-element elementor-element-f52185c elementor-widget elementor-widget-text-editor\" data-id=\"f52185c\" data-element_type=\"widget\" data-e-type=\"widget\" data-widget_type=\"text-editor.default\">\n\t\t\t\t<div class=\"elementor-widget-container\">\n\t\t\t\t\t\t\t\t\t<h4>F\u00fcr jede Information<\/h4>\t\t\t\t\t\t\t\t<\/div>\n\t\t\t\t<\/div>\n\t\t\t\t<div class=\"elementor-element elementor-element-f340d5e elementor-widget elementor-widget-text-editor\" data-id=\"f340d5e\" data-element_type=\"widget\" data-e-type=\"widget\" data-widget_type=\"text-editor.default\">\n\t\t\t\t<div class=\"elementor-widget-container\">\n\t\t\t\t\t\t\t\t\t<p>Wenn Sie einen Bedarf haben, f\u00fcllen Sie bitte das Formular vollst\u00e4ndig aus. Die Mitarbeiter des Hotel del Corso werden sich so schnell wie m\u00f6glich bei Ihnen melden. Vielen Dank!<\/p>\t\t\t\t\t\t\t\t<\/div>\n\t\t\t\t<\/div>\n\t\t\t\t<div class=\"elementor-element elementor-element-694fb05 elementor-widget elementor-widget-wp-widget-alloggio_core_contact_form_7\" data-id=\"694fb05\" data-element_type=\"widget\" data-e-type=\"widget\" data-widget_type=\"wp-widget-alloggio_core_contact_form_7.default\">\n\t\t\t\t<div class=\"elementor-widget-container\">\n\t\t\t\t\t\t\t\t<div class=\"qodef-contact-form-7\">\n\t\t\t\t\n<div class=\"wpcf7 no-js\" id=\"wpcf7-f6605-o1\" lang=\"de-DE\" dir=\"ltr\" data-wpcf7-id=\"6605\">\n<div class=\"screen-reader-response\"><p role=\"status\" aria-live=\"polite\" aria-atomic=\"true\"><\/p> <ul><\/ul><\/div>\n<form action=\"\/de\/wp-json\/wp\/v2\/pages\/6694#wpcf7-f6605-o1\" method=\"post\" class=\"wpcf7-form init wpcf7-acceptance-as-validation\" aria-label=\"Kontaktformular\" novalidate=\"novalidate\" data-status=\"init\">\n<fieldset class=\"hidden-fields-container\"><input type=\"hidden\" name=\"_wpcf7\" value=\"6605\" \/><input type=\"hidden\" name=\"_wpcf7_version\" value=\"6.1.5\" \/><input type=\"hidden\" name=\"_wpcf7_locale\" value=\"de_DE\" \/><input type=\"hidden\" name=\"_wpcf7_unit_tag\" value=\"wpcf7-f6605-o1\" \/><input type=\"hidden\" name=\"_wpcf7_container_post\" value=\"0\" \/><input type=\"hidden\" name=\"_wpcf7_posted_data_hash\" value=\"\" \/><input type=\"hidden\" name=\"_wpcf7_recaptcha_response\" value=\"\" \/>\n<\/fieldset>\n<div class=\"qodef-grid qodef-gutter--small\"><div class=\"qodef-grid-inner\"><div class=\"qodef-grid-item\">\n<label> Vorname Nachname *\n    <span class=\"wpcf7-form-control-wrap\" data-name=\"your-name\"><input size=\"40\" maxlength=\"400\" class=\"wpcf7-form-control wpcf7-text wpcf7-validates-as-required\" aria-required=\"true\" aria-invalid=\"false\" value=\"\" type=\"text\" name=\"your-name\" \/><\/span> <\/label>\n<\/div><\/div><\/div>\n<div class=\"qodef-grid qodef-gutter--small\"><div class=\"qodef-grid-inner\"><div class=\"qodef-grid-item\">\n<label> E-mail *\n    <span class=\"wpcf7-form-control-wrap\" data-name=\"your-email\"><input size=\"40\" maxlength=\"400\" class=\"wpcf7-form-control wpcf7-email wpcf7-validates-as-required wpcf7-text wpcf7-validates-as-email\" aria-required=\"true\" aria-invalid=\"false\" value=\"\" type=\"email\" name=\"your-email\" \/><\/span> <\/label>\n<\/div><\/div><\/div>\n<div class=\"qodef-grid qodef-gutter--small\"><div class=\"qodef-grid-inner\"><div class=\"qodef-grid-item\">\n<label> Telefon *\n    <span class=\"wpcf7-form-control-wrap\" data-name=\"your-phone\"><input size=\"40\" maxlength=\"400\" class=\"wpcf7-form-control wpcf7-tel wpcf7-validates-as-required wpcf7-text wpcf7-validates-as-tel\" aria-required=\"true\" aria-invalid=\"false\" value=\"\" type=\"tel\" name=\"your-phone\" \/><\/span> <\/label>\n<\/div><\/div><\/div>\n<div class=\"qodef-grid qodef-gutter--normal\"><div class=\"qodef-grid-inner\"><div class=\"qodef-grid-item\">\n<label> Requests *\n    <span class=\"wpcf7-form-control-wrap\" data-name=\"your-message\"><textarea cols=\"40\" rows=\"3\" maxlength=\"2000\" class=\"wpcf7-form-control wpcf7-textarea wpcf7-validates-as-required\" aria-required=\"true\" aria-invalid=\"false\" name=\"your-message\"><\/textarea><\/span> <\/label>\n<\/div><\/div><\/div>\n<span class=\"wpcf7-form-control-wrap\" data-name=\"privacy\"><span class=\"wpcf7-form-control wpcf7-acceptance\"><span class=\"wpcf7-list-item\"><label><input type=\"checkbox\" name=\"privacy\" value=\"1\" aria-invalid=\"false\" \/><span class=\"wpcf7-list-item-label\">Ich habe die Bedingungen der <a href=\"https:\/\/www.iubenda.com\/privacy-policy\/35507231\" class=\"iubenda-nostyle no-brand iubenda-noiframe iubenda-embed iubenda-noiframe \" title=\"Privacy Policy \"> Datenschutzrichtlinie<\/a> gelesen und akzeptiere sie<\/span><\/label><\/span><\/span><\/span><script type=\"text\/javascript\">(function (w,d) {var loader = function () {var s = d.createElement(\"script\"), tag = d.getElementsByTagName(\"script\")[0]; s.src=\"https:\/\/cdn.iubenda.com\/iubenda.js\"; tag.parentNode.insertBefore(s,tag);}; if(w.addEventListener){w.addEventListener(\"load\", loader, false);}else if(w.attachEvent){w.attachEvent(\"onload\", loader);}else{w.onload = loader;}})(window, document);<\/script>\n\n<button class=\"wpcf7-form-control wpcf7-submit qodef-button qodef-size--normal qodef-type--outlined qodef-m\" type=\"submit\"><span class=\"qodef-m-text\">Formular absenden<\/span><\/button><div class=\"wpcf7-response-output\" aria-hidden=\"true\"><\/div>\n<\/form>\n<\/div>\n\t\t\t<\/div>\n\t\t\t\t\t\t\t<\/div>\n\t\t\t\t<\/div>\n\t\t\t\t\t<\/div>\n\t\t<\/div>\n\t\t\t\t\t<\/div>\n\t\t<\/section>\n\t\t\t\t<section class=\"elementor-section elementor-top-section elementor-element elementor-element-48920046 elementor-section-full_width elementor-section-height-default elementor-section-height-default qodef-elementor-content-no\" data-id=\"48920046\" data-element_type=\"section\" data-e-type=\"section\">\n\t\t\t\t\t\t<div class=\"elementor-container elementor-column-gap-no\">\n\t\t\t\t\t<div class=\"elementor-column elementor-col-100 elementor-top-column elementor-element elementor-element-0455a91\" data-id=\"0455a91\" data-element_type=\"column\" data-e-type=\"column\">\n\t\t\t<div class=\"elementor-widget-wrap elementor-element-populated\">\n\t\t\t\t\t\t<div class=\"elementor-element elementor-element-504335c elementor-widget elementor-widget-html\" data-id=\"504335c\" data-element_type=\"widget\" data-e-type=\"widget\" data-widget_type=\"html.default\">\n\t\t\t\t<div class=\"elementor-widget-container\">\n\t\t\t\t\t<iframe src=\"https:\/\/www.google.com\/maps\/embed?pb=!1m18!1m12!1m3!1d7919.215328798538!2d13.057063165702667!3d45.637762781283506!2m3!1f0!2f0!3f0!3m2!1i1024!2i768!4f13.1!3m3!1m2!1s0x477b92e84be9fbb3%3A0x4181e537cb569d45!2sAlbergo%20Del%20Corso!5e0!3m2!1sit!2sit!4v1743152880560!5m2!1sit!2sit\" width=\"100%\" height=\"450\" style=\"border:0;\" allowfullscreen=\"\" loading=\"lazy\" referrerpolicy=\"no-referrer-when-downgrade\"><\/iframe>\t\t\t\t<\/div>\n\t\t\t\t<\/div>\n\t\t\t\t\t<\/div>\n\t\t<\/div>\n\t\t\t\t\t<\/div>\n\t\t<\/section>\n\t\t\t\t<\/div>\n\t\t","protected":false},"excerpt":{"rendered":"<p>Hotel del Corso Adresse: Corso del Sole, 87\/8930028 Bibione (VE) Italien Hotel del Corso Bibione \u25cf Online Hotel del Corso Bibione Hallo! Haben Sie Fragen zum Hotel oder m\u00f6chten Sie die Verf\u00fcgbarkeit anfragen? Schreiben Sie uns auf WhatsApp, wir antworten sofort! \u2713\u2713 \ud83d\udcac &nbsp;Auf WhatsApp schreiben Telefon: +39 0431 439991 Folgen Sie uns Facebook Instagram [&hellip;]<\/p>\n","protected":false},"author":3,"featured_media":0,"parent":0,"menu_order":0,"comment_status":"closed","ping_status":"closed","template":"page-full-width.php","meta":{"footnotes":""},"class_list":["post-6694","page","type-page","status-publish","hentry"],"yoast_head":"<!-- This site is optimized with the Yoast SEO plugin v27.4 - https:\/\/yoast.com\/product\/yoast-seo-wordpress\/ -->\n<title>Kontakt Hotel Del Corso Bibione - Buchen Sie Ihren Urlaub<\/title>\n<meta name=\"description\" content=\"Kontaktieren Sie uns f\u00fcr Informationen und Reservierungen. Wir stehen Ihnen zur Verf\u00fcgung, um Ihren Aufenthalt unvergesslich zu machen\" \/>\n<meta name=\"robots\" content=\"index, follow, max-snippet:-1, max-image-preview:large, max-video-preview:-1\" \/>\n<link rel=\"canonical\" href=\"https:\/\/www.hoteldelcorsobibione.it\/de\/contatti\/\" \/>\n<meta property=\"og:locale\" content=\"de_DE\" \/>\n<meta property=\"og:type\" content=\"article\" \/>\n<meta property=\"og:title\" content=\"Kontakt Hotel Del Corso Bibione - Buchen Sie Ihren Urlaub\" \/>\n<meta property=\"og:description\" content=\"Kontaktieren Sie uns f\u00fcr Informationen und Reservierungen. Wir stehen Ihnen zur Verf\u00fcgung, um Ihren Aufenthalt unvergesslich zu machen\" \/>\n<meta property=\"og:url\" content=\"https:\/\/www.hoteldelcorsobibione.it\/de\/contatti\/\" \/>\n<meta property=\"og:site_name\" content=\"Hotel Del Corso Bibione - Hotel 2 Stelle Confort a due apssi dal mare\" \/>\n<meta property=\"article:publisher\" content=\"https:\/\/www.facebook.com\/hoteldelcorsobibione\" \/>\n<meta property=\"article:modified_time\" content=\"2026-03-12T09:13:15+00:00\" \/>\n<meta property=\"og:image\" content=\"https:\/\/www.hoteldelcorsobibione.it\/wp-content\/uploads\/2026\/03\/hotel-del-corso-bibione.png\" \/>\n<meta name=\"twitter:card\" content=\"summary_large_image\" \/>\n<meta name=\"twitter:label1\" content=\"Gesch\u00e4tzte Lesezeit\" \/>\n\t<meta name=\"twitter:data1\" content=\"2\u00a0Minuten\" \/>\n<script type=\"application\/ld+json\" class=\"yoast-schema-graph\">{\"@context\":\"https:\\\/\\\/schema.org\",\"@graph\":[{\"@type\":\"WebPage\",\"@id\":\"https:\\\/\\\/www.hoteldelcorsobibione.it\\\/de\\\/contatti\\\/\",\"url\":\"https:\\\/\\\/www.hoteldelcorsobibione.it\\\/de\\\/contatti\\\/\",\"name\":\"Kontakt Hotel Del Corso Bibione - Buchen Sie Ihren Urlaub\",\"isPartOf\":{\"@id\":\"https:\\\/\\\/www.hoteldelcorsobibione.it\\\/de\\\/#website\"},\"primaryImageOfPage\":{\"@id\":\"https:\\\/\\\/www.hoteldelcorsobibione.it\\\/de\\\/contatti\\\/#primaryimage\"},\"image\":{\"@id\":\"https:\\\/\\\/www.hoteldelcorsobibione.it\\\/de\\\/contatti\\\/#primaryimage\"},\"thumbnailUrl\":\"https:\\\/\\\/www.hoteldelcorsobibione.it\\\/wp-content\\\/uploads\\\/2026\\\/03\\\/hotel-del-corso-bibione.png\",\"datePublished\":\"2020-03-31T11:25:00+00:00\",\"dateModified\":\"2026-03-12T09:13:15+00:00\",\"description\":\"Kontaktieren Sie uns f\u00fcr Informationen und Reservierungen. Wir stehen Ihnen zur Verf\u00fcgung, um Ihren Aufenthalt unvergesslich zu machen\",\"breadcrumb\":{\"@id\":\"https:\\\/\\\/www.hoteldelcorsobibione.it\\\/de\\\/contatti\\\/#breadcrumb\"},\"inLanguage\":\"de\",\"potentialAction\":[{\"@type\":\"ReadAction\",\"target\":[\"https:\\\/\\\/www.hoteldelcorsobibione.it\\\/de\\\/contatti\\\/\"]}]},{\"@type\":\"ImageObject\",\"inLanguage\":\"de\",\"@id\":\"https:\\\/\\\/www.hoteldelcorsobibione.it\\\/de\\\/contatti\\\/#primaryimage\",\"url\":\"https:\\\/\\\/www.hoteldelcorsobibione.it\\\/wp-content\\\/uploads\\\/2026\\\/03\\\/hotel-del-corso-bibione.png\",\"contentUrl\":\"https:\\\/\\\/www.hoteldelcorsobibione.it\\\/wp-content\\\/uploads\\\/2026\\\/03\\\/hotel-del-corso-bibione.png\"},{\"@type\":\"BreadcrumbList\",\"@id\":\"https:\\\/\\\/www.hoteldelcorsobibione.it\\\/de\\\/contatti\\\/#breadcrumb\",\"itemListElement\":[{\"@type\":\"ListItem\",\"position\":1,\"name\":\"Home\",\"item\":\"https:\\\/\\\/www.hoteldelcorsobibione.it\\\/de\\\/\"},{\"@type\":\"ListItem\",\"position\":2,\"name\":\"Kontakt\"}]},{\"@type\":\"WebSite\",\"@id\":\"https:\\\/\\\/www.hoteldelcorsobibione.it\\\/de\\\/#website\",\"url\":\"https:\\\/\\\/www.hoteldelcorsobibione.it\\\/de\\\/\",\"name\":\"Hotel del Corso - Hotel due stelle Bibione\",\"description\":\"Accoglienza, Comfort e Relax nel Cuore di Bibione\",\"publisher\":{\"@id\":\"https:\\\/\\\/www.hoteldelcorsobibione.it\\\/de\\\/#organization\"},\"potentialAction\":[{\"@type\":\"SearchAction\",\"target\":{\"@type\":\"EntryPoint\",\"urlTemplate\":\"https:\\\/\\\/www.hoteldelcorsobibione.it\\\/de\\\/?s={search_term_string}\"},\"query-input\":{\"@type\":\"PropertyValueSpecification\",\"valueRequired\":true,\"valueName\":\"search_term_string\"}}],\"inLanguage\":\"de\"},{\"@type\":\"Organization\",\"@id\":\"https:\\\/\\\/www.hoteldelcorsobibione.it\\\/de\\\/#organization\",\"name\":\"Hotel del Corso\",\"url\":\"https:\\\/\\\/www.hoteldelcorsobibione.it\\\/de\\\/\",\"logo\":{\"@type\":\"ImageObject\",\"inLanguage\":\"de\",\"@id\":\"https:\\\/\\\/www.hoteldelcorsobibione.it\\\/de\\\/#\\\/schema\\\/logo\\\/image\\\/\",\"url\":\"https:\\\/\\\/www.hoteldelcorsobibione.it\\\/wp-content\\\/uploads\\\/2025\\\/03\\\/cropped-aaaa.png\",\"contentUrl\":\"https:\\\/\\\/www.hoteldelcorsobibione.it\\\/wp-content\\\/uploads\\\/2025\\\/03\\\/cropped-aaaa.png\",\"width\":512,\"height\":512,\"caption\":\"Hotel del Corso\"},\"image\":{\"@id\":\"https:\\\/\\\/www.hoteldelcorsobibione.it\\\/de\\\/#\\\/schema\\\/logo\\\/image\\\/\"},\"sameAs\":[\"https:\\\/\\\/www.facebook.com\\\/hoteldelcorsobibione\",\"https:\\\/\\\/www.instagram.com\\\/hotel_del_corso_\\\/\"]}]}<\/script>\n<!-- \/ Yoast SEO plugin. -->","yoast_head_json":{"title":"Kontakt Hotel Del Corso Bibione - Buchen Sie Ihren Urlaub","description":"Kontaktieren Sie uns f\u00fcr Informationen und Reservierungen. Wir stehen Ihnen zur Verf\u00fcgung, um Ihren Aufenthalt unvergesslich zu machen","robots":{"index":"index","follow":"follow","max-snippet":"max-snippet:-1","max-image-preview":"max-image-preview:large","max-video-preview":"max-video-preview:-1"},"canonical":"https:\/\/www.hoteldelcorsobibione.it\/de\/contatti\/","og_locale":"de_DE","og_type":"article","og_title":"Kontakt Hotel Del Corso Bibione - Buchen Sie Ihren Urlaub","og_description":"Kontaktieren Sie uns f\u00fcr Informationen und Reservierungen. Wir stehen Ihnen zur Verf\u00fcgung, um Ihren Aufenthalt unvergesslich zu machen","og_url":"https:\/\/www.hoteldelcorsobibione.it\/de\/contatti\/","og_site_name":"Hotel Del Corso Bibione - Hotel 2 Stelle Confort a due apssi dal mare","article_publisher":"https:\/\/www.facebook.com\/hoteldelcorsobibione","article_modified_time":"2026-03-12T09:13:15+00:00","og_image":[{"url":"https:\/\/www.hoteldelcorsobibione.it\/wp-content\/uploads\/2026\/03\/hotel-del-corso-bibione.png","type":"","width":"","height":""}],"twitter_card":"summary_large_image","twitter_misc":{"Gesch\u00e4tzte Lesezeit":"2\u00a0Minuten"},"schema":{"@context":"https:\/\/schema.org","@graph":[{"@type":"WebPage","@id":"https:\/\/www.hoteldelcorsobibione.it\/de\/contatti\/","url":"https:\/\/www.hoteldelcorsobibione.it\/de\/contatti\/","name":"Kontakt Hotel Del Corso Bibione - Buchen Sie Ihren Urlaub","isPartOf":{"@id":"https:\/\/www.hoteldelcorsobibione.it\/de\/#website"},"primaryImageOfPage":{"@id":"https:\/\/www.hoteldelcorsobibione.it\/de\/contatti\/#primaryimage"},"image":{"@id":"https:\/\/www.hoteldelcorsobibione.it\/de\/contatti\/#primaryimage"},"thumbnailUrl":"https:\/\/www.hoteldelcorsobibione.it\/wp-content\/uploads\/2026\/03\/hotel-del-corso-bibione.png","datePublished":"2020-03-31T11:25:00+00:00","dateModified":"2026-03-12T09:13:15+00:00","description":"Kontaktieren Sie uns f\u00fcr Informationen und Reservierungen. Wir stehen Ihnen zur Verf\u00fcgung, um Ihren Aufenthalt unvergesslich zu machen","breadcrumb":{"@id":"https:\/\/www.hoteldelcorsobibione.it\/de\/contatti\/#breadcrumb"},"inLanguage":"de","potentialAction":[{"@type":"ReadAction","target":["https:\/\/www.hoteldelcorsobibione.it\/de\/contatti\/"]}]},{"@type":"ImageObject","inLanguage":"de","@id":"https:\/\/www.hoteldelcorsobibione.it\/de\/contatti\/#primaryimage","url":"https:\/\/www.hoteldelcorsobibione.it\/wp-content\/uploads\/2026\/03\/hotel-del-corso-bibione.png","contentUrl":"https:\/\/www.hoteldelcorsobibione.it\/wp-content\/uploads\/2026\/03\/hotel-del-corso-bibione.png"},{"@type":"BreadcrumbList","@id":"https:\/\/www.hoteldelcorsobibione.it\/de\/contatti\/#breadcrumb","itemListElement":[{"@type":"ListItem","position":1,"name":"Home","item":"https:\/\/www.hoteldelcorsobibione.it\/de\/"},{"@type":"ListItem","position":2,"name":"Kontakt"}]},{"@type":"WebSite","@id":"https:\/\/www.hoteldelcorsobibione.it\/de\/#website","url":"https:\/\/www.hoteldelcorsobibione.it\/de\/","name":"Hotel del Corso - Hotel due stelle Bibione","description":"Accoglienza, Comfort e Relax nel Cuore di Bibione","publisher":{"@id":"https:\/\/www.hoteldelcorsobibione.it\/de\/#organization"},"potentialAction":[{"@type":"SearchAction","target":{"@type":"EntryPoint","urlTemplate":"https:\/\/www.hoteldelcorsobibione.it\/de\/?s={search_term_string}"},"query-input":{"@type":"PropertyValueSpecification","valueRequired":true,"valueName":"search_term_string"}}],"inLanguage":"de"},{"@type":"Organization","@id":"https:\/\/www.hoteldelcorsobibione.it\/de\/#organization","name":"Hotel del Corso","url":"https:\/\/www.hoteldelcorsobibione.it\/de\/","logo":{"@type":"ImageObject","inLanguage":"de","@id":"https:\/\/www.hoteldelcorsobibione.it\/de\/#\/schema\/logo\/image\/","url":"https:\/\/www.hoteldelcorsobibione.it\/wp-content\/uploads\/2025\/03\/cropped-aaaa.png","contentUrl":"https:\/\/www.hoteldelcorsobibione.it\/wp-content\/uploads\/2025\/03\/cropped-aaaa.png","width":512,"height":512,"caption":"Hotel del Corso"},"image":{"@id":"https:\/\/www.hoteldelcorsobibione.it\/de\/#\/schema\/logo\/image\/"},"sameAs":["https:\/\/www.facebook.com\/hoteldelcorsobibione","https:\/\/www.instagram.com\/hotel_del_corso_\/"]}]}},"_links":{"self":[{"href":"https:\/\/www.hoteldelcorsobibione.it\/de\/wp-json\/wp\/v2\/pages\/6694","targetHints":{"allow":["GET"]}}],"collection":[{"href":"https:\/\/www.hoteldelcorsobibione.it\/de\/wp-json\/wp\/v2\/pages"}],"about":[{"href":"https:\/\/www.hoteldelcorsobibione.it\/de\/wp-json\/wp\/v2\/types\/page"}],"author":[{"embeddable":true,"href":"https:\/\/www.hoteldelcorsobibione.it\/de\/wp-json\/wp\/v2\/users\/3"}],"replies":[{"embeddable":true,"href":"https:\/\/www.hoteldelcorsobibione.it\/de\/wp-json\/wp\/v2\/comments?post=6694"}],"version-history":[{"count":6,"href":"https:\/\/www.hoteldelcorsobibione.it\/de\/wp-json\/wp\/v2\/pages\/6694\/revisions"}],"predecessor-version":[{"id":7252,"href":"https:\/\/www.hoteldelcorsobibione.it\/de\/wp-json\/wp\/v2\/pages\/6694\/revisions\/7252"}],"wp:attachment":[{"href":"https:\/\/www.hoteldelcorsobibione.it\/de\/wp-json\/wp\/v2\/media?parent=6694"}],"curies":[{"name":"wp","href":"https:\/\/api.w.org\/{rel}","templated":true}]}}